{"id":988139,"date":"2024-11-16T17:24:18","date_gmt":"2024-11-16T17:24:18","guid":{"rendered":"https:\/\/oskinstudionyc.com\/?page_id=988139"},"modified":"2026-03-25T11:08:12","modified_gmt":"2026-03-25T15:08:12","slug":"masterclass","status":"publish","type":"page","link":"https:\/\/oskinstudionyc.com\/es\/masterclass\/","title":{"rendered":"MasterClass"},"content":{"rendered":"<div data-elementor-type=\"wp-page\" data-elementor-id=\"988139\" class=\"elementor elementor-988139\" data-elementor-post-type=\"page\">\n\t\t\t\t<div class=\"elementor-element elementor-element-69a4757 e-flex e-con-boxed e-con e-parent\" data-id=\"69a4757\" data-element_type=\"container\" data-e-type=\"container\">\n\t\t\t\t\t<div class=\"e-con-inner\">\n\t\t<div class=\"elementor-element elementor-element-6dfa73d e-con-full e-flex e-con e-child\" data-id=\"6dfa73d\" data-element_type=\"container\" data-e-type=\"container\">\n\t\t\t\t<div class=\"elementor-element elementor-element-627ad7a elementor-widget elementor-widget-heading\" data-id=\"627ad7a\" data-element_type=\"widget\" data-e-type=\"widget\" data-widget_type=\"heading.default\">\n\t\t\t\t<div class=\"elementor-widget-container\">\n\t\t\t\t\t<h2 class=\"elementor-heading-title elementor-size-default\">Nuestra <br>Masterclass<\/h2>\t\t\t\t<\/div>\n\t\t\t\t<\/div>\n\t\t\t\t<\/div>\n\t\t<div class=\"elementor-element elementor-element-d84463b e-con-full e-flex e-con e-child\" data-id=\"d84463b\" data-element_type=\"container\" data-e-type=\"container\">\n\t\t\t\t<div class=\"elementor-element elementor-element-bf6bda7 elementor-widget elementor-widget-text-editor\" data-id=\"bf6bda7\" data-element_type=\"widget\" data-e-type=\"widget\" data-widget_type=\"text-editor.default\">\n\t\t\t\t<div class=\"elementor-widget-container\">\n\t\t\t\t\t\t\t\t\t<p><strong>Clases Online para Esteticistas y Cosmet\u00f3logas.<\/strong>.<\/p><p>Descubre nuestras clases exclusivas dise\u00f1adas para profesionales del sector est\u00e9tico. Con cada curso obtendr\u00e1s acceso de por vida a:<\/p><ul><li>Video te\u00f3rico y video pr\u00e1ctico detallados.<\/li><li>Protocolo descargable con los pasos clave del tratamiento.<\/li><li>Certificado oficial, entregado al finalizar la clase.<\/li><\/ul><p>Aprende a tu propio ritmo, desde la comodidad de tu hogar, y mejora tus habilidades con contenido actualizado y de alta calidad.<\/p><p><strong>\u00a1Convi\u00e9rtete en una experta con nuestras clases \u00fanicas!<\/strong><\/p>\t\t\t\t\t\t\t\t<\/div>\n\t\t\t\t<\/div>\n\t\t\t\t<\/div>\n\t\t\t\t\t<\/div>\n\t\t\t\t<\/div>\n\t\t<div class=\"elementor-element elementor-element-baf376b e-flex e-con-boxed e-con e-parent\" data-id=\"baf376b\" data-element_type=\"container\" data-e-type=\"container\">\n\t\t\t\t\t<div class=\"e-con-inner\">\n\t\t\t\t\t<\/div>\n\t\t\t\t<\/div>\n\t\t<div class=\"elementor-element elementor-element-dd887b0 e-flex e-con-boxed e-con e-parent\" data-id=\"dd887b0\" data-element_type=\"container\" data-e-type=\"container\">\n\t\t\t\t\t<div class=\"e-con-inner\">\n\t\t\t\t<div class=\"elementor-element elementor-element-28de646 elementor-hidden-desktop elementor-hidden-tablet elementor-hidden-mobile elementor-widget elementor-widget-shortcode\" data-id=\"28de646\" data-element_type=\"widget\" data-e-type=\"widget\" data-widget_type=\"shortcode.default\">\n\t\t\t\t<div class=\"elementor-widget-container\">\n\t\t\t\t\t\t\t<div class=\"elementor-shortcode\"><div class=\"woocommerce columns-4\"><\/div><\/div>\n\t\t\t\t\t\t<\/div>\n\t\t\t\t<\/div>\n\t\t\t\t\t<\/div>\n\t\t\t\t<\/div>\n\t\t\t\t<\/div>","protected":false},"excerpt":{"rendered":"<p>Our Masterclass Online Classes for Estheticians and Cosmetologists. Discover our exclusive classes designed for aesthetic professionals. With each course, you will receive lifelong access to: Detailed theoretical and practical videos&#8230;.<\/p>","protected":false},"author":1,"featured_media":0,"parent":0,"menu_order":0,"comment_status":"closed","ping_status":"closed","template":"elementor_header_footer","meta":{"_acf_changed":false,"footnotes":""},"class_list":["post-988139","page","type-page","status-publish","hentry"],"acf":[],"_links":{"self":[{"href":"https:\/\/oskinstudionyc.com\/es\/wp-json\/wp\/v2\/pages\/988139","targetHints":{"allow":["GET"]}}],"collection":[{"href":"https:\/\/oskinstudionyc.com\/es\/wp-json\/wp\/v2\/pages"}],"about":[{"href":"https:\/\/oskinstudionyc.com\/es\/wp-json\/wp\/v2\/types\/page"}],"author":[{"embeddable":true,"href":"https:\/\/oskinstudionyc.com\/es\/wp-json\/wp\/v2\/users\/1"}],"replies":[{"embeddable":true,"href":"https:\/\/oskinstudionyc.com\/es\/wp-json\/wp\/v2\/comments?post=988139"}],"version-history":[{"count":49,"href":"https:\/\/oskinstudionyc.com\/es\/wp-json\/wp\/v2\/pages\/988139\/revisions"}],"predecessor-version":[{"id":994746,"href":"https:\/\/oskinstudionyc.com\/es\/wp-json\/wp\/v2\/pages\/988139\/revisions\/994746"}],"wp:attachment":[{"href":"https:\/\/oskinstudionyc.com\/es\/wp-json\/wp\/v2\/media?parent=988139"}],"curies":[{"name":"wp","href":"https:\/\/api.w.org\/{rel}","templated":true}]}}