{"id":993905,"date":"2026-03-19T18:39:58","date_gmt":"2026-03-19T22:39:58","guid":{"rendered":"https:\/\/oskinstudionyc.com\/producto\/2025-clase-master-avanzada-fitocosmetica-antimelanogenica\/"},"modified":"2026-04-23T01:59:50","modified_gmt":"2026-04-23T05:59:50","slug":"2025-clase-master-avanzada-fitocosmetica-antimelanogenica","status":"publish","type":"product","link":"https:\/\/oskinstudionyc.com\/es\/producto\/2025-clase-master-avanzada-fitocosmetica-antimelanogenica\/","title":{"rendered":"2025 Clase Master Avanzada: Fitocosmetica Antimelanog\u00e9nica"},"content":{"rendered":"<div class=\"vgblk-rw-wrapper limit-wrapper\">\n<p>Manejo de Pigmentos, Reducci\u00f3n de Carga de Melanina y Migraci\u00f3n Cut\u00e1nea<\/p>\n<\/div>\n<p><!-- .vgblk-rw-wrapper --><\/p>","protected":false},"excerpt":{"rendered":"<p>Manejo de Pigmentos, Reducci\u00f3n de Carga de Melanina y Migraci\u00f3n Cut\u00e1nea<\/p>","protected":false},"featured_media":993906,"template":"","meta":{"_acf_changed":false},"product_brand":[],"product_cat":[169],"product_tag":[],"class_list":{"0":"post-993905","1":"product","2":"type-product","3":"status-publish","4":"has-post-thumbnail","6":"product_cat-clases-2025","8":"first","9":"instock","10":"shipping-taxable","11":"purchasable","12":"product-type-simple"},"acf":[],"_links":{"self":[{"href":"https:\/\/oskinstudionyc.com\/es\/wp-json\/wp\/v2\/product\/993905","targetHints":{"allow":["GET"]}}],"collection":[{"href":"https:\/\/oskinstudionyc.com\/es\/wp-json\/wp\/v2\/product"}],"about":[{"href":"https:\/\/oskinstudionyc.com\/es\/wp-json\/wp\/v2\/types\/product"}],"version-history":[{"count":1,"href":"https:\/\/oskinstudionyc.com\/es\/wp-json\/wp\/v2\/product\/993905\/revisions"}],"predecessor-version":[{"id":994736,"href":"https:\/\/oskinstudionyc.com\/es\/wp-json\/wp\/v2\/product\/993905\/revisions\/994736"}],"wp:featuredmedia":[{"embeddable":true,"href":"https:\/\/oskinstudionyc.com\/es\/wp-json\/wp\/v2\/media\/993906"}],"wp:attachment":[{"href":"https:\/\/oskinstudionyc.com\/es\/wp-json\/wp\/v2\/media?parent=993905"}],"wp:term":[{"taxonomy":"product_brand","embeddable":true,"href":"https:\/\/oskinstudionyc.com\/es\/wp-json\/wp\/v2\/product_brand?post=993905"},{"taxonomy":"product_cat","embeddable":true,"href":"https:\/\/oskinstudionyc.com\/es\/wp-json\/wp\/v2\/product_cat?post=993905"},{"taxonomy":"product_tag","embeddable":true,"href":"https:\/\/oskinstudionyc.com\/es\/wp-json\/wp\/v2\/product_tag?post=993905"}],"curies":[{"name":"wp","href":"https:\/\/api.w.org\/{rel}","templated":true}]}}