{"id":993961,"date":"2026-03-19T18:40:27","date_gmt":"2026-03-19T22:40:27","guid":{"rendered":"https:\/\/oskinstudionyc.com\/producto\/dz-lipoface-ob\/"},"modified":"2026-04-23T01:59:53","modified_gmt":"2026-04-23T05:59:53","slug":"dz-lipoface-ob","status":"publish","type":"product","link":"https:\/\/oskinstudionyc.com\/es\/producto\/dz-lipoface-ob\/","title":{"rendered":"DZ &#8211; Lipoface OB"},"content":{"rendered":"","protected":false},"excerpt":{"rendered":"<p><strong>5 Ampollas x 10 ml<\/strong><\/p>\n<p>Tratamiento avanzado para la reducci\u00f3n de grasa facial y mejora de contornos. Formulado con activos lipol\u00edticos, ayuda a redefinir la forma del rostro, combatiendo la flacidez y promoviendo una piel m\u00e1s firme y tonificada. Ideal para quienes buscan un rostro m\u00e1s esculpido y rejuvenecido.<\/p>\n<p><strong><a href=\"https:\/\/oskinstudionyc.com\/wp-content\/uploads\/2024\/12\/Lipoface-OB.pdf\">Descargar Ficha T\u00e9cnica<\/a><\/strong><\/p>","protected":false},"featured_media":992144,"template":"","meta":{"_acf_changed":false},"product_brand":[],"product_cat":[131],"product_tag":[],"class_list":{"0":"post-993961","1":"product","2":"type-product","3":"status-publish","4":"has-post-thumbnail","6":"product_cat-dermaclar","8":"first","9":"instock","10":"shipping-taxable","11":"purchasable","12":"product-type-simple"},"acf":[],"_links":{"self":[{"href":"https:\/\/oskinstudionyc.com\/es\/wp-json\/wp\/v2\/product\/993961","targetHints":{"allow":["GET"]}}],"collection":[{"href":"https:\/\/oskinstudionyc.com\/es\/wp-json\/wp\/v2\/product"}],"about":[{"href":"https:\/\/oskinstudionyc.com\/es\/wp-json\/wp\/v2\/types\/product"}],"version-history":[{"count":3,"href":"https:\/\/oskinstudionyc.com\/es\/wp-json\/wp\/v2\/product\/993961\/revisions"}],"predecessor-version":[{"id":994453,"href":"https:\/\/oskinstudionyc.com\/es\/wp-json\/wp\/v2\/product\/993961\/revisions\/994453"}],"wp:featuredmedia":[{"embeddable":true,"href":"https:\/\/oskinstudionyc.com\/es\/wp-json\/wp\/v2\/media\/992144"}],"wp:attachment":[{"href":"https:\/\/oskinstudionyc.com\/es\/wp-json\/wp\/v2\/media?parent=993961"}],"wp:term":[{"taxonomy":"product_brand","embeddable":true,"href":"https:\/\/oskinstudionyc.com\/es\/wp-json\/wp\/v2\/product_brand?post=993961"},{"taxonomy":"product_cat","embeddable":true,"href":"https:\/\/oskinstudionyc.com\/es\/wp-json\/wp\/v2\/product_cat?post=993961"},{"taxonomy":"product_tag","embeddable":true,"href":"https:\/\/oskinstudionyc.com\/es\/wp-json\/wp\/v2\/product_tag?post=993961"}],"curies":[{"name":"wp","href":"https:\/\/api.w.org\/{rel}","templated":true}]}}