{"id":994011,"date":"2026-03-19T18:41:00","date_gmt":"2026-03-19T22:41:00","guid":{"rendered":"https:\/\/oskinstudionyc.com\/producto\/2025-clase-porcelanizacion-pro-tecnica-intensiva-de-hidratacion-y-rejuvenecimiento\/"},"modified":"2026-04-23T01:59:55","modified_gmt":"2026-04-23T05:59:55","slug":"2025-clase-porcelanizacion-pro-tecnica-intensiva-de-hidratacion-y-rejuvenecimiento","status":"publish","type":"product","link":"https:\/\/oskinstudionyc.com\/es\/producto\/2025-clase-porcelanizacion-pro-tecnica-intensiva-de-hidratacion-y-rejuvenecimiento\/","title":{"rendered":"2025 Clase Porcelanizaci\u00f3n PRO: T\u00e9cnica Intensiva de Hidrataci\u00f3n y Rejuvenecimiento"},"content":{"rendered":"","protected":false},"excerpt":{"rendered":"","protected":false},"featured_media":994012,"template":"","meta":{"_acf_changed":false},"product_brand":[],"product_cat":[169],"product_tag":[],"class_list":{"0":"post-994011","1":"product","2":"type-product","3":"status-publish","4":"has-post-thumbnail","6":"product_cat-clases-2025","8":"first","9":"instock","10":"shipping-taxable","11":"purchasable","12":"product-type-simple"},"acf":[],"_links":{"self":[{"href":"https:\/\/oskinstudionyc.com\/es\/wp-json\/wp\/v2\/product\/994011","targetHints":{"allow":["GET"]}}],"collection":[{"href":"https:\/\/oskinstudionyc.com\/es\/wp-json\/wp\/v2\/product"}],"about":[{"href":"https:\/\/oskinstudionyc.com\/es\/wp-json\/wp\/v2\/types\/product"}],"version-history":[{"count":1,"href":"https:\/\/oskinstudionyc.com\/es\/wp-json\/wp\/v2\/product\/994011\/revisions"}],"predecessor-version":[{"id":994734,"href":"https:\/\/oskinstudionyc.com\/es\/wp-json\/wp\/v2\/product\/994011\/revisions\/994734"}],"wp:featuredmedia":[{"embeddable":true,"href":"https:\/\/oskinstudionyc.com\/es\/wp-json\/wp\/v2\/media\/994012"}],"wp:attachment":[{"href":"https:\/\/oskinstudionyc.com\/es\/wp-json\/wp\/v2\/media?parent=994011"}],"wp:term":[{"taxonomy":"product_brand","embeddable":true,"href":"https:\/\/oskinstudionyc.com\/es\/wp-json\/wp\/v2\/product_brand?post=994011"},{"taxonomy":"product_cat","embeddable":true,"href":"https:\/\/oskinstudionyc.com\/es\/wp-json\/wp\/v2\/product_cat?post=994011"},{"taxonomy":"product_tag","embeddable":true,"href":"https:\/\/oskinstudionyc.com\/es\/wp-json\/wp\/v2\/product_tag?post=994011"}],"curies":[{"name":"wp","href":"https:\/\/api.w.org\/{rel}","templated":true}]}}