{"id":994110,"date":"2026-03-19T18:41:55","date_gmt":"2026-03-19T22:41:55","guid":{"rendered":"https:\/\/oskinstudionyc.com\/producto\/programa-insignia-2026\/"},"modified":"2026-04-23T02:00:01","modified_gmt":"2026-04-23T06:00:01","slug":"insignia-2026","status":"publish","type":"product","link":"https:\/\/oskinstudionyc.com\/es\/producto\/insignia-2026\/","title":{"rendered":"Programa INSIGNIA 2026"},"content":{"rendered":"","protected":false},"excerpt":{"rendered":"<p>El Programa Insignia de OSKIN es la membres\u00eda profesional de \u00e9lite para esteticistas que desean un crecimiento real, un s\u00f3lido soporte t\u00e9cnico y resultados probados.<\/p>\n<p>No es solo un programa de beneficios, es un sistema estrat\u00e9gico dise\u00f1ado para fortalecer su pr\u00e1ctica, aumentar sus ingresos y brindarle confianza en cada protocolo.<\/p>\n<p>Al inscribirte, obtienes un plan de implementaci\u00f3n de 7 d\u00edas, sesiones mensuales con expertos, asistencia t\u00e9cnica directa, acceso a una comunidad profesional y la exclusiva PRO INSIGNIA BOX que te certifica como miembro oficial.<\/p>\n<p>Los esteticistas que no se limitan a adivinar su crecimiento, sino que lo construyen, lo ejecutan y lo mantienen.<\/p>","protected":false},"featured_media":992816,"template":"","meta":{"_acf_changed":false},"product_brand":[],"product_cat":[170],"product_tag":[],"class_list":{"0":"post-994110","1":"product","2":"type-product","3":"status-publish","4":"has-post-thumbnail","6":"product_cat-oskin-2","8":"first","9":"instock","10":"shipping-taxable","11":"purchasable","12":"product-type-simple"},"acf":[],"_links":{"self":[{"href":"https:\/\/oskinstudionyc.com\/es\/wp-json\/wp\/v2\/product\/994110","targetHints":{"allow":["GET"]}}],"collection":[{"href":"https:\/\/oskinstudionyc.com\/es\/wp-json\/wp\/v2\/product"}],"about":[{"href":"https:\/\/oskinstudionyc.com\/es\/wp-json\/wp\/v2\/types\/product"}],"version-history":[{"count":4,"href":"https:\/\/oskinstudionyc.com\/es\/wp-json\/wp\/v2\/product\/994110\/revisions"}],"predecessor-version":[{"id":994962,"href":"https:\/\/oskinstudionyc.com\/es\/wp-json\/wp\/v2\/product\/994110\/revisions\/994962"}],"wp:featuredmedia":[{"embeddable":true,"href":"https:\/\/oskinstudionyc.com\/es\/wp-json\/wp\/v2\/media\/992816"}],"wp:attachment":[{"href":"https:\/\/oskinstudionyc.com\/es\/wp-json\/wp\/v2\/media?parent=994110"}],"wp:term":[{"taxonomy":"product_brand","embeddable":true,"href":"https:\/\/oskinstudionyc.com\/es\/wp-json\/wp\/v2\/product_brand?post=994110"},{"taxonomy":"product_cat","embeddable":true,"href":"https:\/\/oskinstudionyc.com\/es\/wp-json\/wp\/v2\/product_cat?post=994110"},{"taxonomy":"product_tag","embeddable":true,"href":"https:\/\/oskinstudionyc.com\/es\/wp-json\/wp\/v2\/product_tag?post=994110"}],"curies":[{"name":"wp","href":"https:\/\/api.w.org\/{rel}","templated":true}]}}