{"id":994486,"date":"2026-03-24T11:55:16","date_gmt":"2026-03-24T15:55:16","guid":{"rendered":"https:\/\/oskinstudionyc.com\/producto\/dp-ampeloderm\/"},"modified":"2026-04-23T01:59:40","modified_gmt":"2026-04-23T05:59:40","slug":"body-serum-dermclar-ampelopderm","status":"publish","type":"product","link":"https:\/\/oskinstudionyc.com\/es\/producto\/body-serum-dermclar-ampelopderm\/","title":{"rendered":"DP &#8211; Ampeloderm"},"content":{"rendered":"","protected":false},"excerpt":{"rendered":"<p><strong>5 Ampollas x 10 ml<\/strong><\/p>\n<p>Tratamiento concentrado con acci\u00f3n regeneradora y reparadora, ideal para pieles maduras o da\u00f1adas. Enriquecido con activos de \u00faltima generaci\u00f3n, favorece la renovaci\u00f3n celular, mejora la elasticidad y reduce los signos del envejecimiento. Proporciona una piel m\u00e1s firme, suave y rejuvenecida. Perfecto para tratar arrugas profundas y flacidez.<\/p>\n<p><a href=\"https:\/\/oskinstudionyc.com\/wp-content\/uploads\/2024\/12\/Ampelopderm.pdf\"><strong>Descargar Ficha T\u00e9cnica<\/strong><\/a><\/p>","protected":false},"featured_media":992095,"template":"","meta":{"_acf_changed":false},"product_brand":[],"product_cat":[131],"product_tag":[],"class_list":{"0":"post-994486","1":"product","2":"type-product","3":"status-publish","4":"has-post-thumbnail","6":"product_cat-dermaclar","8":"first","9":"instock","10":"shipping-taxable","11":"purchasable","12":"product-type-simple"},"acf":[],"_links":{"self":[{"href":"https:\/\/oskinstudionyc.com\/es\/wp-json\/wp\/v2\/product\/994486","targetHints":{"allow":["GET"]}}],"collection":[{"href":"https:\/\/oskinstudionyc.com\/es\/wp-json\/wp\/v2\/product"}],"about":[{"href":"https:\/\/oskinstudionyc.com\/es\/wp-json\/wp\/v2\/types\/product"}],"version-history":[{"count":5,"href":"https:\/\/oskinstudionyc.com\/es\/wp-json\/wp\/v2\/product\/994486\/revisions"}],"predecessor-version":[{"id":994953,"href":"https:\/\/oskinstudionyc.com\/es\/wp-json\/wp\/v2\/product\/994486\/revisions\/994953"}],"wp:featuredmedia":[{"embeddable":true,"href":"https:\/\/oskinstudionyc.com\/es\/wp-json\/wp\/v2\/media\/992095"}],"wp:attachment":[{"href":"https:\/\/oskinstudionyc.com\/es\/wp-json\/wp\/v2\/media?parent=994486"}],"wp:term":[{"taxonomy":"product_brand","embeddable":true,"href":"https:\/\/oskinstudionyc.com\/es\/wp-json\/wp\/v2\/product_brand?post=994486"},{"taxonomy":"product_cat","embeddable":true,"href":"https:\/\/oskinstudionyc.com\/es\/wp-json\/wp\/v2\/product_cat?post=994486"},{"taxonomy":"product_tag","embeddable":true,"href":"https:\/\/oskinstudionyc.com\/es\/wp-json\/wp\/v2\/product_tag?post=994486"}],"curies":[{"name":"wp","href":"https:\/\/api.w.org\/{rel}","templated":true}]}}