{"id":994492,"date":"2026-03-24T12:07:04","date_gmt":"2026-03-24T16:07:04","guid":{"rendered":"https:\/\/oskinstudionyc.com\/producto\/dp-plendor-up\/"},"modified":"2026-04-23T01:59:40","modified_gmt":"2026-04-23T05:59:40","slug":"dermclar-plendor-up","status":"publish","type":"product","link":"https:\/\/oskinstudionyc.com\/es\/producto\/dermclar-plendor-up\/","title":{"rendered":"DP &#8211; Plendor UP"},"content":{"rendered":"","protected":false},"excerpt":{"rendered":"<p><strong>Alta Gama 1 Ampolla x 10 ml<\/strong><\/p>\n<p>F\u00f3rmula regeneradora y rejuvenecedora, dise\u00f1ada para mejorar la firmeza y textura de la piel. Con una potente acci\u00f3n hidratante y antioxidante, combate los signos del envejecimiento y promueve una apariencia m\u00e1s suave, revitalizada y luminosa. Ideal para tratamientos faciales y corporales.<\/p>\n<p><a href=\"https:\/\/oskinstudionyc.com\/wp-content\/uploads\/2024\/12\/Plendor-S.pdf\"><strong>Descargar Ficha T\u00e9cnica<\/strong><\/a><\/p>","protected":false},"featured_media":992088,"template":"","meta":{"_acf_changed":false},"product_brand":[],"product_cat":[131],"product_tag":[],"class_list":{"0":"post-994492","1":"product","2":"type-product","3":"status-publish","4":"has-post-thumbnail","6":"product_cat-dermaclar","8":"first","9":"instock","10":"shipping-taxable","11":"purchasable","12":"product-type-simple"},"acf":[],"_links":{"self":[{"href":"https:\/\/oskinstudionyc.com\/es\/wp-json\/wp\/v2\/product\/994492","targetHints":{"allow":["GET"]}}],"collection":[{"href":"https:\/\/oskinstudionyc.com\/es\/wp-json\/wp\/v2\/product"}],"about":[{"href":"https:\/\/oskinstudionyc.com\/es\/wp-json\/wp\/v2\/types\/product"}],"version-history":[{"count":4,"href":"https:\/\/oskinstudionyc.com\/es\/wp-json\/wp\/v2\/product\/994492\/revisions"}],"predecessor-version":[{"id":994957,"href":"https:\/\/oskinstudionyc.com\/es\/wp-json\/wp\/v2\/product\/994492\/revisions\/994957"}],"wp:featuredmedia":[{"embeddable":true,"href":"https:\/\/oskinstudionyc.com\/es\/wp-json\/wp\/v2\/media\/992088"}],"wp:attachment":[{"href":"https:\/\/oskinstudionyc.com\/es\/wp-json\/wp\/v2\/media?parent=994492"}],"wp:term":[{"taxonomy":"product_brand","embeddable":true,"href":"https:\/\/oskinstudionyc.com\/es\/wp-json\/wp\/v2\/product_brand?post=994492"},{"taxonomy":"product_cat","embeddable":true,"href":"https:\/\/oskinstudionyc.com\/es\/wp-json\/wp\/v2\/product_cat?post=994492"},{"taxonomy":"product_tag","embeddable":true,"href":"https:\/\/oskinstudionyc.com\/es\/wp-json\/wp\/v2\/product_tag?post=994492"}],"curies":[{"name":"wp","href":"https:\/\/api.w.org\/{rel}","templated":true}]}}