{"id":994494,"date":"2026-03-24T12:07:05","date_gmt":"2026-03-24T16:07:05","guid":{"rendered":"https:\/\/oskinstudionyc.com\/producto\/dp-argiderm\/"},"modified":"2026-04-25T11:41:28","modified_gmt":"2026-04-25T15:41:28","slug":"dermclar-argiderm","status":"publish","type":"product","link":"https:\/\/oskinstudionyc.com\/es\/producto\/dermclar-argiderm\/","title":{"rendered":"DP &#8211; Argiderm"},"content":{"rendered":"","protected":false},"excerpt":{"rendered":"<p><strong><span style=\"vertical-align: inherit\">5 viales x 10 ml<\/span><\/strong><\/p>\n<p><span style=\"vertical-align: inherit\">Innovadora f\u00f3rmula antienvejecimiento con Argireline, dise\u00f1ada para reducir las l\u00edneas de expresi\u00f3n y las arrugas. Act\u00faa relajando los m\u00fasculos faciales y promoviendo una piel m\u00e1s firme, tersa y rejuvenecida. Ideal para tratamientos de rejuvenecimiento no invasivos.<\/span><\/p>\n<p><strong><a href=\"https:\/\/oskinstudionyc.com\/wp-content\/uploads\/2024\/12\/Argiderm.pdf\"><span style=\"vertical-align: inherit\">Descargar Ficha T\u00e9cnica<\/span><\/a><\/strong><\/p>","protected":false},"featured_media":988513,"template":"","meta":{"_acf_changed":false},"product_brand":[],"product_cat":[131],"product_tag":[],"class_list":{"0":"post-994494","1":"product","2":"type-product","3":"status-publish","4":"has-post-thumbnail","6":"product_cat-dermaclar","8":"first","9":"instock","10":"shipping-taxable","11":"purchasable","12":"product-type-simple"},"acf":[],"_links":{"self":[{"href":"https:\/\/oskinstudionyc.com\/es\/wp-json\/wp\/v2\/product\/994494","targetHints":{"allow":["GET"]}}],"collection":[{"href":"https:\/\/oskinstudionyc.com\/es\/wp-json\/wp\/v2\/product"}],"about":[{"href":"https:\/\/oskinstudionyc.com\/es\/wp-json\/wp\/v2\/types\/product"}],"version-history":[{"count":5,"href":"https:\/\/oskinstudionyc.com\/es\/wp-json\/wp\/v2\/product\/994494\/revisions"}],"predecessor-version":[{"id":994875,"href":"https:\/\/oskinstudionyc.com\/es\/wp-json\/wp\/v2\/product\/994494\/revisions\/994875"}],"wp:featuredmedia":[{"embeddable":true,"href":"https:\/\/oskinstudionyc.com\/es\/wp-json\/wp\/v2\/media\/988513"}],"wp:attachment":[{"href":"https:\/\/oskinstudionyc.com\/es\/wp-json\/wp\/v2\/media?parent=994494"}],"wp:term":[{"taxonomy":"product_brand","embeddable":true,"href":"https:\/\/oskinstudionyc.com\/es\/wp-json\/wp\/v2\/product_brand?post=994494"},{"taxonomy":"product_cat","embeddable":true,"href":"https:\/\/oskinstudionyc.com\/es\/wp-json\/wp\/v2\/product_cat?post=994494"},{"taxonomy":"product_tag","embeddable":true,"href":"https:\/\/oskinstudionyc.com\/es\/wp-json\/wp\/v2\/product_tag?post=994494"}],"curies":[{"name":"wp","href":"https:\/\/api.w.org\/{rel}","templated":true}]}}