{"id":994500,"date":"2026-03-24T12:07:08","date_gmt":"2026-03-24T16:07:08","guid":{"rendered":"https:\/\/oskinstudionyc.com\/producto\/dp-centelladerm\/"},"modified":"2026-04-06T09:40:18","modified_gmt":"2026-04-06T13:40:18","slug":"dermaclar-centelladerm","status":"publish","type":"product","link":"https:\/\/oskinstudionyc.com\/es\/producto\/dermaclar-centelladerm\/","title":{"rendered":"DP &#8211; Centelladerm"},"content":{"rendered":"","protected":false},"excerpt":{"rendered":"<p><strong>5 Vials x 10ml<\/strong><\/p>\n<p>Potente regenerador con centella asi\u00e1tica, ideal para reparar y fortalecer la piel. Favorece la cicatrizaci\u00f3n, mejora la elasticidad y combate los signos del envejecimiento, dejando una piel m\u00e1s suave, hidratada y revitalizada. Perfecto para tratamientos reparadores e hidratantes.<\/p>\n<p><strong><a href=\"https:\/\/oskinstudionyc.com\/wp-content\/uploads\/2024\/12\/Centelladerm.pdf\">Descargar Ficha T\u00e9cnica<\/a><\/strong><\/p>","protected":false},"featured_media":992097,"template":"","meta":{"_acf_changed":false},"product_brand":[],"product_cat":[131],"product_tag":[],"class_list":{"0":"post-994500","1":"product","2":"type-product","3":"status-publish","4":"has-post-thumbnail","6":"product_cat-dermaclar","8":"first","9":"instock","10":"shipping-taxable","11":"purchasable","12":"product-type-simple"},"acf":[],"_links":{"self":[{"href":"https:\/\/oskinstudionyc.com\/es\/wp-json\/wp\/v2\/product\/994500","targetHints":{"allow":["GET"]}}],"collection":[{"href":"https:\/\/oskinstudionyc.com\/es\/wp-json\/wp\/v2\/product"}],"about":[{"href":"https:\/\/oskinstudionyc.com\/es\/wp-json\/wp\/v2\/types\/product"}],"version-history":[{"count":3,"href":"https:\/\/oskinstudionyc.com\/es\/wp-json\/wp\/v2\/product\/994500\/revisions"}],"predecessor-version":[{"id":994747,"href":"https:\/\/oskinstudionyc.com\/es\/wp-json\/wp\/v2\/product\/994500\/revisions\/994747"}],"wp:featuredmedia":[{"embeddable":true,"href":"https:\/\/oskinstudionyc.com\/es\/wp-json\/wp\/v2\/media\/992097"}],"wp:attachment":[{"href":"https:\/\/oskinstudionyc.com\/es\/wp-json\/wp\/v2\/media?parent=994500"}],"wp:term":[{"taxonomy":"product_brand","embeddable":true,"href":"https:\/\/oskinstudionyc.com\/es\/wp-json\/wp\/v2\/product_brand?post=994500"},{"taxonomy":"product_cat","embeddable":true,"href":"https:\/\/oskinstudionyc.com\/es\/wp-json\/wp\/v2\/product_cat?post=994500"},{"taxonomy":"product_tag","embeddable":true,"href":"https:\/\/oskinstudionyc.com\/es\/wp-json\/wp\/v2\/product_tag?post=994500"}],"curies":[{"name":"wp","href":"https:\/\/api.w.org\/{rel}","templated":true}]}}