{"id":994504,"date":"2026-03-24T12:07:10","date_gmt":"2026-03-24T16:07:10","guid":{"rendered":"https:\/\/oskinstudionyc.com\/producto\/dp-dermface\/"},"modified":"2026-04-27T14:58:44","modified_gmt":"2026-04-27T18:58:44","slug":"dermclar-face","status":"publish","type":"product","link":"https:\/\/oskinstudionyc.com\/es\/producto\/dermclar-face\/","title":{"rendered":"DP &#8211; DermFace"},"content":{"rendered":"","protected":false},"excerpt":{"rendered":"<p><strong>5 Ampollas x 10 ml<\/strong><\/p>\n<p>F\u00f3rmula facial avanzada dise\u00f1ada para regenerar, hidratar y revitalizar la piel. Con una combinaci\u00f3n de ingredientes activos, mejora la textura, elasticidad y luminosidad, proporcionando un efecto rejuvenecedor. Ideal para todo tipo de pieles y para tratar los primeros signos del envejecimiento.<\/p>","protected":false},"featured_media":992148,"template":"","meta":{"_acf_changed":false},"product_brand":[],"product_cat":[131],"product_tag":[],"class_list":{"0":"post-994504","1":"product","2":"type-product","3":"status-publish","4":"has-post-thumbnail","6":"product_cat-dermaclar","8":"first","9":"instock","10":"shipping-taxable","11":"purchasable","12":"product-type-simple"},"acf":[],"_links":{"self":[{"href":"https:\/\/oskinstudionyc.com\/es\/wp-json\/wp\/v2\/product\/994504","targetHints":{"allow":["GET"]}}],"collection":[{"href":"https:\/\/oskinstudionyc.com\/es\/wp-json\/wp\/v2\/product"}],"about":[{"href":"https:\/\/oskinstudionyc.com\/es\/wp-json\/wp\/v2\/types\/product"}],"version-history":[{"count":4,"href":"https:\/\/oskinstudionyc.com\/es\/wp-json\/wp\/v2\/product\/994504\/revisions"}],"predecessor-version":[{"id":994879,"href":"https:\/\/oskinstudionyc.com\/es\/wp-json\/wp\/v2\/product\/994504\/revisions\/994879"}],"wp:featuredmedia":[{"embeddable":true,"href":"https:\/\/oskinstudionyc.com\/es\/wp-json\/wp\/v2\/media\/992148"}],"wp:attachment":[{"href":"https:\/\/oskinstudionyc.com\/es\/wp-json\/wp\/v2\/media?parent=994504"}],"wp:term":[{"taxonomy":"product_brand","embeddable":true,"href":"https:\/\/oskinstudionyc.com\/es\/wp-json\/wp\/v2\/product_brand?post=994504"},{"taxonomy":"product_cat","embeddable":true,"href":"https:\/\/oskinstudionyc.com\/es\/wp-json\/wp\/v2\/product_cat?post=994504"},{"taxonomy":"product_tag","embeddable":true,"href":"https:\/\/oskinstudionyc.com\/es\/wp-json\/wp\/v2\/product_tag?post=994504"}],"curies":[{"name":"wp","href":"https:\/\/api.w.org\/{rel}","templated":true}]}}