{"id":994518,"date":"2026-03-24T12:07:18","date_gmt":"2026-03-24T16:07:18","guid":{"rendered":"https:\/\/oskinstudionyc.com\/producto\/dp-lipoface-v\/"},"modified":"2026-04-14T20:17:49","modified_gmt":"2026-04-15T00:17:49","slug":"dermclar-lipoface-v","status":"publish","type":"product","link":"https:\/\/oskinstudionyc.com\/es\/producto\/dermclar-lipoface-v\/","title":{"rendered":"DP &#8211; Lipoface V"},"content":{"rendered":"","protected":false},"excerpt":{"rendered":"<p><strong>5 Ampollas x 10 ml<\/strong><\/p>\n<p>Tratamiento especializado para la reducci\u00f3n de grasa localizada en el \u00e1rea facial, formulado con potentes ingredientes lipol\u00edticos. Ayuda a definir y esculpir los contornos del rostro, combatiendo la flacidez y mejorando la tonicidad de la piel, logrando una apariencia m\u00e1s firme y rejuvenecida. Ideal para el contorno facial y doble ment\u00f3n.<\/p>\n<p>&nbsp;<\/p>\n<p><strong>Descargar Ficha T\u00e9cnica<\/strong><\/p>","protected":false},"featured_media":988561,"template":"","meta":{"_acf_changed":false},"product_brand":[],"product_cat":[131],"product_tag":[],"class_list":{"0":"post-994518","1":"product","2":"type-product","3":"status-publish","4":"has-post-thumbnail","6":"product_cat-dermaclar","8":"first","9":"instock","10":"shipping-taxable","11":"purchasable","12":"product-type-simple"},"acf":[],"_links":{"self":[{"href":"https:\/\/oskinstudionyc.com\/es\/wp-json\/wp\/v2\/product\/994518","targetHints":{"allow":["GET"]}}],"collection":[{"href":"https:\/\/oskinstudionyc.com\/es\/wp-json\/wp\/v2\/product"}],"about":[{"href":"https:\/\/oskinstudionyc.com\/es\/wp-json\/wp\/v2\/types\/product"}],"version-history":[{"count":4,"href":"https:\/\/oskinstudionyc.com\/es\/wp-json\/wp\/v2\/product\/994518\/revisions"}],"predecessor-version":[{"id":994896,"href":"https:\/\/oskinstudionyc.com\/es\/wp-json\/wp\/v2\/product\/994518\/revisions\/994896"}],"wp:featuredmedia":[{"embeddable":true,"href":"https:\/\/oskinstudionyc.com\/es\/wp-json\/wp\/v2\/media\/988561"}],"wp:attachment":[{"href":"https:\/\/oskinstudionyc.com\/es\/wp-json\/wp\/v2\/media?parent=994518"}],"wp:term":[{"taxonomy":"product_brand","embeddable":true,"href":"https:\/\/oskinstudionyc.com\/es\/wp-json\/wp\/v2\/product_brand?post=994518"},{"taxonomy":"product_cat","embeddable":true,"href":"https:\/\/oskinstudionyc.com\/es\/wp-json\/wp\/v2\/product_cat?post=994518"},{"taxonomy":"product_tag","embeddable":true,"href":"https:\/\/oskinstudionyc.com\/es\/wp-json\/wp\/v2\/product_tag?post=994518"}],"curies":[{"name":"wp","href":"https:\/\/api.w.org\/{rel}","templated":true}]}}