{"id":994524,"date":"2026-03-24T12:07:21","date_gmt":"2026-03-24T16:07:21","guid":{"rendered":"https:\/\/oskinstudionyc.com\/producto\/dp-nutrivit\/"},"modified":"2026-04-27T16:00:57","modified_gmt":"2026-04-27T20:00:57","slug":"dermclar-nutrivit","status":"publish","type":"product","link":"https:\/\/oskinstudionyc.com\/es\/producto\/dermclar-nutrivit\/","title":{"rendered":"DP &#8211; Nutrivit"},"content":{"rendered":"","protected":false},"excerpt":{"rendered":"<p><strong>5 Ampollas x 10 ml<\/strong><\/p>\n<p>Tratamiento nutritivo intensivo que proporciona a la piel una hidrataci\u00f3n profunda y una renovaci\u00f3n celular eficaz. Con una combinaci\u00f3n de vitaminas y nutrientes esenciales, revitaliza la piel, mejora su elasticidad y le otorga un aspecto m\u00e1s saludable, suave y radiante. Ideal para pieles secas y deshidratadas.<\/p>\n<p><a href=\"https:\/\/oskinstudionyc.com\/wp-content\/uploads\/2024\/12\/Dermclar-Nutrivit.pdf\"><strong>Descargar Ficha T\u00e9cnica<\/strong><\/a><\/p>","protected":false},"featured_media":992150,"template":"","meta":{"_acf_changed":false},"product_brand":[],"product_cat":[131],"product_tag":[],"class_list":{"0":"post-994524","1":"product","2":"type-product","3":"status-publish","4":"has-post-thumbnail","6":"product_cat-dermaclar","8":"first","9":"instock","10":"shipping-taxable","11":"purchasable","12":"product-type-simple"},"acf":[],"_links":{"self":[{"href":"https:\/\/oskinstudionyc.com\/es\/wp-json\/wp\/v2\/product\/994524","targetHints":{"allow":["GET"]}}],"collection":[{"href":"https:\/\/oskinstudionyc.com\/es\/wp-json\/wp\/v2\/product"}],"about":[{"href":"https:\/\/oskinstudionyc.com\/es\/wp-json\/wp\/v2\/types\/product"}],"version-history":[{"count":3,"href":"https:\/\/oskinstudionyc.com\/es\/wp-json\/wp\/v2\/product\/994524\/revisions"}],"predecessor-version":[{"id":994899,"href":"https:\/\/oskinstudionyc.com\/es\/wp-json\/wp\/v2\/product\/994524\/revisions\/994899"}],"wp:featuredmedia":[{"embeddable":true,"href":"https:\/\/oskinstudionyc.com\/es\/wp-json\/wp\/v2\/media\/992150"}],"wp:attachment":[{"href":"https:\/\/oskinstudionyc.com\/es\/wp-json\/wp\/v2\/media?parent=994524"}],"wp:term":[{"taxonomy":"product_brand","embeddable":true,"href":"https:\/\/oskinstudionyc.com\/es\/wp-json\/wp\/v2\/product_brand?post=994524"},{"taxonomy":"product_cat","embeddable":true,"href":"https:\/\/oskinstudionyc.com\/es\/wp-json\/wp\/v2\/product_cat?post=994524"},{"taxonomy":"product_tag","embeddable":true,"href":"https:\/\/oskinstudionyc.com\/es\/wp-json\/wp\/v2\/product_tag?post=994524"}],"curies":[{"name":"wp","href":"https:\/\/api.w.org\/{rel}","templated":true}]}}