{"id":994530,"date":"2026-03-24T12:07:24","date_gmt":"2026-03-24T16:07:24","guid":{"rendered":"https:\/\/oskinstudionyc.com\/producto\/dp-siliciderm\/"},"modified":"2026-04-06T09:55:31","modified_gmt":"2026-04-06T13:55:31","slug":"dermclar-siliciderm","status":"publish","type":"product","link":"https:\/\/oskinstudionyc.com\/es\/producto\/dermclar-siliciderm\/","title":{"rendered":"DP &#8211; Siliciderm"},"content":{"rendered":"","protected":false},"excerpt":{"rendered":"<p><strong>5 Vials x 10ml<\/strong><\/p>\n<p>F\u00f3rmula innovadora con silicio org\u00e1nico, dise\u00f1ada para reafirmar, hidratar y revitalizar la piel. Estimula la producci\u00f3n de col\u00e1geno y elastina, mejorando la elasticidad y combatiendo los signos del envejecimiento. Ideal para tratamientos de rejuvenecimiento facial y corporal.<\/p>\n<p><strong><a href=\"https:\/\/oskinstudionyc.com\/wp-content\/uploads\/2024\/12\/Siliciderm.pdf\">Descargar Ficha T\u00e9cnica<\/a><\/strong><\/p>","protected":false},"featured_media":992098,"template":"","meta":{"_acf_changed":false},"product_brand":[],"product_cat":[131],"product_tag":[],"class_list":{"0":"post-994530","1":"product","2":"type-product","3":"status-publish","4":"has-post-thumbnail","6":"product_cat-dermaclar","8":"first","9":"instock","10":"shipping-taxable","11":"purchasable","12":"product-type-simple"},"acf":[],"_links":{"self":[{"href":"https:\/\/oskinstudionyc.com\/es\/wp-json\/wp\/v2\/product\/994530","targetHints":{"allow":["GET"]}}],"collection":[{"href":"https:\/\/oskinstudionyc.com\/es\/wp-json\/wp\/v2\/product"}],"about":[{"href":"https:\/\/oskinstudionyc.com\/es\/wp-json\/wp\/v2\/types\/product"}],"version-history":[{"count":3,"href":"https:\/\/oskinstudionyc.com\/es\/wp-json\/wp\/v2\/product\/994530\/revisions"}],"predecessor-version":[{"id":994903,"href":"https:\/\/oskinstudionyc.com\/es\/wp-json\/wp\/v2\/product\/994530\/revisions\/994903"}],"wp:featuredmedia":[{"embeddable":true,"href":"https:\/\/oskinstudionyc.com\/es\/wp-json\/wp\/v2\/media\/992098"}],"wp:attachment":[{"href":"https:\/\/oskinstudionyc.com\/es\/wp-json\/wp\/v2\/media?parent=994530"}],"wp:term":[{"taxonomy":"product_brand","embeddable":true,"href":"https:\/\/oskinstudionyc.com\/es\/wp-json\/wp\/v2\/product_brand?post=994530"},{"taxonomy":"product_cat","embeddable":true,"href":"https:\/\/oskinstudionyc.com\/es\/wp-json\/wp\/v2\/product_cat?post=994530"},{"taxonomy":"product_tag","embeddable":true,"href":"https:\/\/oskinstudionyc.com\/es\/wp-json\/wp\/v2\/product_tag?post=994530"}],"curies":[{"name":"wp","href":"https:\/\/api.w.org\/{rel}","templated":true}]}}