{"id":994542,"date":"2026-03-24T12:07:31","date_gmt":"2026-03-24T16:07:31","guid":{"rendered":"https:\/\/oskinstudionyc.com\/producto\/dp-sonic-silhouette-method\/"},"modified":"2026-05-17T06:08:00","modified_gmt":"2026-05-17T10:08:00","slug":"dermclar-sonic-silhouette-method","status":"publish","type":"product","link":"https:\/\/oskinstudionyc.com\/es\/producto\/dermclar-sonic-silhouette-method\/","title":{"rendered":"DP &#8211; Sonic Silhouette METHOD"},"content":{"rendered":"","protected":false},"excerpt":{"rendered":"<p>Tratamiento innovador que combina la tecnolog\u00eda s\u00f3nica con una f\u00f3rmula avanzada de activos reafirmantes y reductores. Ideal para remodelar el contorno corporal, mejorar la elasticidad y reducir la flacidez. Su acci\u00f3n profunda y eficaz tonifica la piel, dej\u00e1ndola m\u00e1s firme, suave y de apariencia esculpida. Perfecto para tratamientos de remodelaci\u00f3n corporal y reducci\u00f3n de la celulitis.<\/p>\n<p>&nbsp;<\/p>\n<p><strong><a href=\"https:\/\/oskinstudionyc.com\/wp-content\/uploads\/2024\/12\/Sonic-Silhouette-Body-Lotion.pdf\">Descargar Ficha T\u00e9cnica<\/a><\/strong><\/p>","protected":false},"featured_media":992151,"template":"","meta":{"_acf_changed":false},"product_brand":[],"product_cat":[131],"product_tag":[],"class_list":{"0":"post-994542","1":"product","2":"type-product","3":"status-publish","4":"has-post-thumbnail","6":"product_cat-dermaclar","8":"first","9":"instock","10":"shipping-taxable","11":"purchasable","12":"product-type-simple"},"acf":[],"_links":{"self":[{"href":"https:\/\/oskinstudionyc.com\/es\/wp-json\/wp\/v2\/product\/994542","targetHints":{"allow":["GET"]}}],"collection":[{"href":"https:\/\/oskinstudionyc.com\/es\/wp-json\/wp\/v2\/product"}],"about":[{"href":"https:\/\/oskinstudionyc.com\/es\/wp-json\/wp\/v2\/types\/product"}],"version-history":[{"count":4,"href":"https:\/\/oskinstudionyc.com\/es\/wp-json\/wp\/v2\/product\/994542\/revisions"}],"predecessor-version":[{"id":994955,"href":"https:\/\/oskinstudionyc.com\/es\/wp-json\/wp\/v2\/product\/994542\/revisions\/994955"}],"wp:featuredmedia":[{"embeddable":true,"href":"https:\/\/oskinstudionyc.com\/es\/wp-json\/wp\/v2\/media\/992151"}],"wp:attachment":[{"href":"https:\/\/oskinstudionyc.com\/es\/wp-json\/wp\/v2\/media?parent=994542"}],"wp:term":[{"taxonomy":"product_brand","embeddable":true,"href":"https:\/\/oskinstudionyc.com\/es\/wp-json\/wp\/v2\/product_brand?post=994542"},{"taxonomy":"product_cat","embeddable":true,"href":"https:\/\/oskinstudionyc.com\/es\/wp-json\/wp\/v2\/product_cat?post=994542"},{"taxonomy":"product_tag","embeddable":true,"href":"https:\/\/oskinstudionyc.com\/es\/wp-json\/wp\/v2\/product_tag?post=994542"}],"curies":[{"name":"wp","href":"https:\/\/api.w.org\/{rel}","templated":true}]}}