{"id":994544,"date":"2026-03-24T12:07:32","date_gmt":"2026-03-24T16:07:32","guid":{"rendered":"https:\/\/oskinstudionyc.com\/producto\/dp-hair-method\/"},"modified":"2026-04-13T12:26:26","modified_gmt":"2026-04-13T16:26:26","slug":"hair-method","status":"publish","type":"product","link":"https:\/\/oskinstudionyc.com\/es\/producto\/hair-method\/","title":{"rendered":"DP &#8211; Hair Method"},"content":{"rendered":"","protected":false},"excerpt":{"rendered":"<p>Tratamiento especializado para revitalizar el cabello y estimular su crecimiento, combinando tecnolog\u00eda avanzada con ingredientes activos que fortalecen y nutren el cuero cabelludo. Ayuda a prevenir la ca\u00edda del cabello, mejora la densidad y proporciona un cabello m\u00e1s fuerte, saludable y brillante. Ideal para quienes buscan revitalizar su cabello y recuperar su vitalidad.<\/p>","protected":false},"featured_media":992152,"template":"","meta":{"_acf_changed":false},"product_brand":[],"product_cat":[131],"product_tag":[],"class_list":{"0":"post-994544","1":"product","2":"type-product","3":"status-publish","4":"has-post-thumbnail","6":"product_cat-dermaclar","8":"first","9":"instock","10":"shipping-taxable","11":"purchasable","12":"product-type-simple"},"acf":[],"_links":{"self":[{"href":"https:\/\/oskinstudionyc.com\/es\/wp-json\/wp\/v2\/product\/994544","targetHints":{"allow":["GET"]}}],"collection":[{"href":"https:\/\/oskinstudionyc.com\/es\/wp-json\/wp\/v2\/product"}],"about":[{"href":"https:\/\/oskinstudionyc.com\/es\/wp-json\/wp\/v2\/types\/product"}],"version-history":[{"count":3,"href":"https:\/\/oskinstudionyc.com\/es\/wp-json\/wp\/v2\/product\/994544\/revisions"}],"predecessor-version":[{"id":994891,"href":"https:\/\/oskinstudionyc.com\/es\/wp-json\/wp\/v2\/product\/994544\/revisions\/994891"}],"wp:featuredmedia":[{"embeddable":true,"href":"https:\/\/oskinstudionyc.com\/es\/wp-json\/wp\/v2\/media\/992152"}],"wp:attachment":[{"href":"https:\/\/oskinstudionyc.com\/es\/wp-json\/wp\/v2\/media?parent=994544"}],"wp:term":[{"taxonomy":"product_brand","embeddable":true,"href":"https:\/\/oskinstudionyc.com\/es\/wp-json\/wp\/v2\/product_brand?post=994544"},{"taxonomy":"product_cat","embeddable":true,"href":"https:\/\/oskinstudionyc.com\/es\/wp-json\/wp\/v2\/product_cat?post=994544"},{"taxonomy":"product_tag","embeddable":true,"href":"https:\/\/oskinstudionyc.com\/es\/wp-json\/wp\/v2\/product_tag?post=994544"}],"curies":[{"name":"wp","href":"https:\/\/api.w.org\/{rel}","templated":true}]}}