{"id":994546,"date":"2026-03-24T12:07:33","date_gmt":"2026-03-24T16:07:33","guid":{"rendered":"https:\/\/oskinstudionyc.com\/producto\/dp-full-face-method\/"},"modified":"2026-04-14T15:34:51","modified_gmt":"2026-04-14T19:34:51","slug":"dp-full-face-method","status":"publish","type":"product","link":"https:\/\/oskinstudionyc.com\/es\/producto\/dp-full-face-method\/","title":{"rendered":"DP &#8211; Full Face METHOD"},"content":{"rendered":"","protected":false},"excerpt":{"rendered":"<p>Tratamiento integral para el rostro que combina t\u00e9cnicas avanzadas de rejuvenecimiento y regeneraci\u00f3n celular. Con una combinaci\u00f3n de activos potentes, mejora la firmeza, reduce l\u00edneas de expresi\u00f3n y revitaliza la piel, dej\u00e1ndola m\u00e1s suave, luminosa y rejuvenecida. Ideal para un tratamiento completo que combate los signos del envejecimiento y mejora la textura facial.<\/p>","protected":false},"featured_media":992153,"template":"","meta":{"_acf_changed":false},"product_brand":[],"product_cat":[131],"product_tag":[],"class_list":{"0":"post-994546","1":"product","2":"type-product","3":"status-publish","4":"has-post-thumbnail","6":"product_cat-dermaclar","8":"first","9":"instock","10":"shipping-taxable","11":"purchasable","12":"product-type-simple"},"acf":[],"_links":{"self":[{"href":"https:\/\/oskinstudionyc.com\/es\/wp-json\/wp\/v2\/product\/994546","targetHints":{"allow":["GET"]}}],"collection":[{"href":"https:\/\/oskinstudionyc.com\/es\/wp-json\/wp\/v2\/product"}],"about":[{"href":"https:\/\/oskinstudionyc.com\/es\/wp-json\/wp\/v2\/types\/product"}],"version-history":[{"count":1,"href":"https:\/\/oskinstudionyc.com\/es\/wp-json\/wp\/v2\/product\/994546\/revisions"}],"predecessor-version":[{"id":994657,"href":"https:\/\/oskinstudionyc.com\/es\/wp-json\/wp\/v2\/product\/994546\/revisions\/994657"}],"wp:featuredmedia":[{"embeddable":true,"href":"https:\/\/oskinstudionyc.com\/es\/wp-json\/wp\/v2\/media\/992153"}],"wp:attachment":[{"href":"https:\/\/oskinstudionyc.com\/es\/wp-json\/wp\/v2\/media?parent=994546"}],"wp:term":[{"taxonomy":"product_brand","embeddable":true,"href":"https:\/\/oskinstudionyc.com\/es\/wp-json\/wp\/v2\/product_brand?post=994546"},{"taxonomy":"product_cat","embeddable":true,"href":"https:\/\/oskinstudionyc.com\/es\/wp-json\/wp\/v2\/product_cat?post=994546"},{"taxonomy":"product_tag","embeddable":true,"href":"https:\/\/oskinstudionyc.com\/es\/wp-json\/wp\/v2\/product_tag?post=994546"}],"curies":[{"name":"wp","href":"https:\/\/api.w.org\/{rel}","templated":true}]}}