{"id":994548,"date":"2026-03-24T12:07:36","date_gmt":"2026-03-24T16:07:36","guid":{"rendered":"https:\/\/oskinstudionyc.com\/producto\/dp-sonic-silhouette-body-gel\/"},"modified":"2026-05-11T17:03:31","modified_gmt":"2026-05-11T21:03:31","slug":"dp-sonic-silhouette-body-gel","status":"publish","type":"product","link":"https:\/\/oskinstudionyc.com\/es\/producto\/dp-sonic-silhouette-body-gel\/","title":{"rendered":"DP &#8211; Sonic Silhouette Body Gel"},"content":{"rendered":"<div class=\"vgblk-rw-wrapper limit-wrapper\">\n<p>Topica para manejo de  celulitis y Reducci\u00f3n <\/p>\n<\/div>\n<p><!-- .vgblk-rw-wrapper --><\/p>","protected":false},"excerpt":{"rendered":"<p>Es un gel reafirmante de alto rendimiento formulado para tonificar, tensar y suavizar visiblemente la piel. Gracias a ingredientes potenciadores s\u00f3nicos, ayuda a esculpir la silueta y revitalizar la textura cut\u00e1nea, brindando un aspecto m\u00e1s definido y luminoso.<\/p>","protected":false},"featured_media":992077,"template":"","meta":{"_acf_changed":false},"product_brand":[],"product_cat":[131],"product_tag":[],"class_list":{"0":"post-994548","1":"product","2":"type-product","3":"status-publish","4":"has-post-thumbnail","6":"product_cat-dermaclar","8":"first","9":"instock","10":"shipping-taxable","11":"purchasable","12":"product-type-simple"},"acf":[],"_links":{"self":[{"href":"https:\/\/oskinstudionyc.com\/es\/wp-json\/wp\/v2\/product\/994548","targetHints":{"allow":["GET"]}}],"collection":[{"href":"https:\/\/oskinstudionyc.com\/es\/wp-json\/wp\/v2\/product"}],"about":[{"href":"https:\/\/oskinstudionyc.com\/es\/wp-json\/wp\/v2\/types\/product"}],"version-history":[{"count":2,"href":"https:\/\/oskinstudionyc.com\/es\/wp-json\/wp\/v2\/product\/994548\/revisions"}],"predecessor-version":[{"id":994904,"href":"https:\/\/oskinstudionyc.com\/es\/wp-json\/wp\/v2\/product\/994548\/revisions\/994904"}],"wp:featuredmedia":[{"embeddable":true,"href":"https:\/\/oskinstudionyc.com\/es\/wp-json\/wp\/v2\/media\/992077"}],"wp:attachment":[{"href":"https:\/\/oskinstudionyc.com\/es\/wp-json\/wp\/v2\/media?parent=994548"}],"wp:term":[{"taxonomy":"product_brand","embeddable":true,"href":"https:\/\/oskinstudionyc.com\/es\/wp-json\/wp\/v2\/product_brand?post=994548"},{"taxonomy":"product_cat","embeddable":true,"href":"https:\/\/oskinstudionyc.com\/es\/wp-json\/wp\/v2\/product_cat?post=994548"},{"taxonomy":"product_tag","embeddable":true,"href":"https:\/\/oskinstudionyc.com\/es\/wp-json\/wp\/v2\/product_tag?post=994548"}],"curies":[{"name":"wp","href":"https:\/\/api.w.org\/{rel}","templated":true}]}}