{"id":994558,"date":"2026-03-24T12:08:04","date_gmt":"2026-03-24T16:08:04","guid":{"rendered":"https:\/\/oskinstudionyc.com\/producto\/dp-exo-gotero-hair\/"},"modified":"2026-04-20T19:26:34","modified_gmt":"2026-04-20T23:26:34","slug":"exohair-dropper","status":"publish","type":"product","link":"https:\/\/oskinstudionyc.com\/es\/producto\/exohair-dropper\/","title":{"rendered":"DP &#8211; Exo Gotero HAIR"},"content":{"rendered":"","protected":false},"excerpt":{"rendered":"<p>Es un tratamiento biotecnol\u00f3gico avanzado formulado con exosomas de origen vegetal que act\u00faan como bioestimuladores capilares. Promueve la regeneraci\u00f3n de los fol\u00edculos pilosos, mejora la vascularizaci\u00f3n del cuero cabelludo y prolonga la fase an\u00e1gena del ciclo del cabello. Su acci\u00f3n restauradora se potencia con factores de crecimiento, minerales y antioxidantes.<\/p>","protected":false},"featured_media":991557,"template":"","meta":{"_acf_changed":false},"product_brand":[],"product_cat":[131],"product_tag":[],"class_list":{"0":"post-994558","1":"product","2":"type-product","3":"status-publish","4":"has-post-thumbnail","6":"product_cat-dermaclar","8":"first","9":"outofstock","10":"shipping-taxable","11":"purchasable","12":"product-type-simple"},"acf":[],"_links":{"self":[{"href":"https:\/\/oskinstudionyc.com\/es\/wp-json\/wp\/v2\/product\/994558","targetHints":{"allow":["GET"]}}],"collection":[{"href":"https:\/\/oskinstudionyc.com\/es\/wp-json\/wp\/v2\/product"}],"about":[{"href":"https:\/\/oskinstudionyc.com\/es\/wp-json\/wp\/v2\/types\/product"}],"version-history":[{"count":4,"href":"https:\/\/oskinstudionyc.com\/es\/wp-json\/wp\/v2\/product\/994558\/revisions"}],"predecessor-version":[{"id":994883,"href":"https:\/\/oskinstudionyc.com\/es\/wp-json\/wp\/v2\/product\/994558\/revisions\/994883"}],"wp:featuredmedia":[{"embeddable":true,"href":"https:\/\/oskinstudionyc.com\/es\/wp-json\/wp\/v2\/media\/991557"}],"wp:attachment":[{"href":"https:\/\/oskinstudionyc.com\/es\/wp-json\/wp\/v2\/media?parent=994558"}],"wp:term":[{"taxonomy":"product_brand","embeddable":true,"href":"https:\/\/oskinstudionyc.com\/es\/wp-json\/wp\/v2\/product_brand?post=994558"},{"taxonomy":"product_cat","embeddable":true,"href":"https:\/\/oskinstudionyc.com\/es\/wp-json\/wp\/v2\/product_cat?post=994558"},{"taxonomy":"product_tag","embeddable":true,"href":"https:\/\/oskinstudionyc.com\/es\/wp-json\/wp\/v2\/product_tag?post=994558"}],"curies":[{"name":"wp","href":"https:\/\/api.w.org\/{rel}","templated":true}]}}