{"id":994560,"date":"2026-03-24T12:08:05","date_gmt":"2026-03-24T16:08:05","guid":{"rendered":"https:\/\/oskinstudionyc.com\/producto\/dp-exo-gotero-blemish\/"},"modified":"2026-04-23T11:44:08","modified_gmt":"2026-04-23T15:44:08","slug":"exoblemish-dropper","status":"publish","type":"product","link":"https:\/\/oskinstudionyc.com\/es\/producto\/exoblemish-dropper\/","title":{"rendered":"DP &#8211; Exo Gotero BLEMISH"},"content":{"rendered":"","protected":false},"excerpt":{"rendered":"<p>Es un bioactivo de nueva generaci\u00f3n formulado con exosomas de Curcuma Longa combinados con \u00e1cido succ\u00ednico, EGF (Factores de crecimiento epid\u00e9rmico), niacinamida, zinc, p\u00e9ptidos astringentes, silicio org\u00e1nico, HA de peso molecular medio, entre otros activos funcionales, dise\u00f1ados para intervenir en m\u00faltiples fases del acn\u00e9 y los des\u00f3rdenes seborreicos.<\/p>","protected":false},"featured_media":991542,"template":"","meta":{"_acf_changed":false},"product_brand":[],"product_cat":[131],"product_tag":[],"class_list":{"0":"post-994560","1":"product","2":"type-product","3":"status-publish","4":"has-post-thumbnail","6":"product_cat-dermaclar","8":"first","9":"instock","10":"shipping-taxable","11":"purchasable","12":"product-type-simple"},"acf":[],"_links":{"self":[{"href":"https:\/\/oskinstudionyc.com\/es\/wp-json\/wp\/v2\/product\/994560","targetHints":{"allow":["GET"]}}],"collection":[{"href":"https:\/\/oskinstudionyc.com\/es\/wp-json\/wp\/v2\/product"}],"about":[{"href":"https:\/\/oskinstudionyc.com\/es\/wp-json\/wp\/v2\/types\/product"}],"version-history":[{"count":3,"href":"https:\/\/oskinstudionyc.com\/es\/wp-json\/wp\/v2\/product\/994560\/revisions"}],"predecessor-version":[{"id":994913,"href":"https:\/\/oskinstudionyc.com\/es\/wp-json\/wp\/v2\/product\/994560\/revisions\/994913"}],"wp:featuredmedia":[{"embeddable":true,"href":"https:\/\/oskinstudionyc.com\/es\/wp-json\/wp\/v2\/media\/991542"}],"wp:attachment":[{"href":"https:\/\/oskinstudionyc.com\/es\/wp-json\/wp\/v2\/media?parent=994560"}],"wp:term":[{"taxonomy":"product_brand","embeddable":true,"href":"https:\/\/oskinstudionyc.com\/es\/wp-json\/wp\/v2\/product_brand?post=994560"},{"taxonomy":"product_cat","embeddable":true,"href":"https:\/\/oskinstudionyc.com\/es\/wp-json\/wp\/v2\/product_cat?post=994560"},{"taxonomy":"product_tag","embeddable":true,"href":"https:\/\/oskinstudionyc.com\/es\/wp-json\/wp\/v2\/product_tag?post=994560"}],"curies":[{"name":"wp","href":"https:\/\/api.w.org\/{rel}","templated":true}]}}