{"id":994568,"date":"2026-03-24T12:08:08","date_gmt":"2026-03-24T16:08:08","guid":{"rendered":"https:\/\/oskinstudionyc.com\/producto\/dp-exo-vial-face\/"},"modified":"2026-05-11T13:11:30","modified_gmt":"2026-05-11T17:11:30","slug":"exoface","status":"publish","type":"product","link":"https:\/\/oskinstudionyc.com\/es\/producto\/exoface\/","title":{"rendered":"DP &#8211; Exo Vial FACE"},"content":{"rendered":"","protected":false},"excerpt":{"rendered":"<p>Es un biobooster facial de \u00faltima generaci\u00f3n\nformulado para revitalizar, regenerar y redensificar\nla piel desde niveles profundos. Gracias a su alta\nconcentraci\u00f3n de exosomas bot\u00e1nicos, factores de crecimiento, PDRN (Salm\u00f3n DNA) y \u00e1cido hialur\u00f3nico de diferentes pesos moleculares, act\u00faa sobre los principales signos del envejecimiento, la deshidrataci\u00f3n y el deterioro tisular. Es ideal como tratamiento coadyuvante en protocolos antienvejecimiento, postprocedimientos m\u00e9dicos o como regenerador facial intensivo.<\/p>","protected":false},"featured_media":991552,"template":"","meta":{"_acf_changed":false},"product_brand":[],"product_cat":[131],"product_tag":[],"class_list":{"0":"post-994568","1":"product","2":"type-product","3":"status-publish","4":"has-post-thumbnail","6":"product_cat-dermaclar","8":"first","9":"instock","10":"shipping-taxable","11":"purchasable","12":"product-type-simple"},"acf":[],"_links":{"self":[{"href":"https:\/\/oskinstudionyc.com\/es\/wp-json\/wp\/v2\/product\/994568","targetHints":{"allow":["GET"]}}],"collection":[{"href":"https:\/\/oskinstudionyc.com\/es\/wp-json\/wp\/v2\/product"}],"about":[{"href":"https:\/\/oskinstudionyc.com\/es\/wp-json\/wp\/v2\/types\/product"}],"version-history":[{"count":3,"href":"https:\/\/oskinstudionyc.com\/es\/wp-json\/wp\/v2\/product\/994568\/revisions"}],"predecessor-version":[{"id":994885,"href":"https:\/\/oskinstudionyc.com\/es\/wp-json\/wp\/v2\/product\/994568\/revisions\/994885"}],"wp:featuredmedia":[{"embeddable":true,"href":"https:\/\/oskinstudionyc.com\/es\/wp-json\/wp\/v2\/media\/991552"}],"wp:attachment":[{"href":"https:\/\/oskinstudionyc.com\/es\/wp-json\/wp\/v2\/media?parent=994568"}],"wp:term":[{"taxonomy":"product_brand","embeddable":true,"href":"https:\/\/oskinstudionyc.com\/es\/wp-json\/wp\/v2\/product_brand?post=994568"},{"taxonomy":"product_cat","embeddable":true,"href":"https:\/\/oskinstudionyc.com\/es\/wp-json\/wp\/v2\/product_cat?post=994568"},{"taxonomy":"product_tag","embeddable":true,"href":"https:\/\/oskinstudionyc.com\/es\/wp-json\/wp\/v2\/product_tag?post=994568"}],"curies":[{"name":"wp","href":"https:\/\/api.w.org\/{rel}","templated":true}]}}