{"id":994570,"date":"2026-03-24T12:08:09","date_gmt":"2026-03-24T16:08:09","guid":{"rendered":"https:\/\/oskinstudionyc.com\/producto\/dp-exo-vial-lumine\/"},"modified":"2026-04-15T11:10:46","modified_gmt":"2026-04-15T15:10:46","slug":"exolumine","status":"publish","type":"product","link":"https:\/\/oskinstudionyc.com\/es\/producto\/exolumine\/","title":{"rendered":"DP &#8211; Exo Vial LUMINE"},"content":{"rendered":"","protected":false},"excerpt":{"rendered":"<p>Exosomas de origen vegetal, optimizado con agentes antioxidantes y aclarantes que act\u00faan de forma sin\u00e9rgica para modular la actividad de los melanocitos, disminuir la inflamaci\u00f3n cut\u00e1nea y promover la regeneraci\u00f3n epid\u00e9rmica. Su acci\u00f3n se basa en la se\u00f1alizaci\u00f3n celular inteligente que corrige desde la ra\u00edz el desequilibrio pigmentario. La piel no vuelve a ser la de nacimiento, pero s\u00ed puede recuperar su luminosidad, uniformidad y salud. Tratamos manchas, no cambiamos identidades.<\/p>","protected":false},"featured_media":991569,"template":"","meta":{"_acf_changed":false},"product_brand":[],"product_cat":[131],"product_tag":[],"class_list":{"0":"post-994570","1":"product","2":"type-product","3":"status-publish","4":"has-post-thumbnail","6":"product_cat-dermaclar","8":"first","9":"instock","10":"shipping-taxable","11":"purchasable","12":"product-type-simple"},"acf":[],"_links":{"self":[{"href":"https:\/\/oskinstudionyc.com\/es\/wp-json\/wp\/v2\/product\/994570","targetHints":{"allow":["GET"]}}],"collection":[{"href":"https:\/\/oskinstudionyc.com\/es\/wp-json\/wp\/v2\/product"}],"about":[{"href":"https:\/\/oskinstudionyc.com\/es\/wp-json\/wp\/v2\/types\/product"}],"version-history":[{"count":3,"href":"https:\/\/oskinstudionyc.com\/es\/wp-json\/wp\/v2\/product\/994570\/revisions"}],"predecessor-version":[{"id":994887,"href":"https:\/\/oskinstudionyc.com\/es\/wp-json\/wp\/v2\/product\/994570\/revisions\/994887"}],"wp:featuredmedia":[{"embeddable":true,"href":"https:\/\/oskinstudionyc.com\/es\/wp-json\/wp\/v2\/media\/991569"}],"wp:attachment":[{"href":"https:\/\/oskinstudionyc.com\/es\/wp-json\/wp\/v2\/media?parent=994570"}],"wp:term":[{"taxonomy":"product_brand","embeddable":true,"href":"https:\/\/oskinstudionyc.com\/es\/wp-json\/wp\/v2\/product_brand?post=994570"},{"taxonomy":"product_cat","embeddable":true,"href":"https:\/\/oskinstudionyc.com\/es\/wp-json\/wp\/v2\/product_cat?post=994570"},{"taxonomy":"product_tag","embeddable":true,"href":"https:\/\/oskinstudionyc.com\/es\/wp-json\/wp\/v2\/product_tag?post=994570"}],"curies":[{"name":"wp","href":"https:\/\/api.w.org\/{rel}","templated":true}]}}