{"id":994572,"date":"2026-03-24T12:08:10","date_gmt":"2026-03-24T16:08:10","guid":{"rendered":"https:\/\/oskinstudionyc.com\/producto\/dp-exo-vial-blemish\/"},"modified":"2026-04-27T16:00:57","modified_gmt":"2026-04-27T20:00:57","slug":"exoblemish","status":"publish","type":"product","link":"https:\/\/oskinstudionyc.com\/es\/producto\/exoblemish\/","title":{"rendered":"DP &#8211; Exo Vial BLEMISH"},"content":{"rendered":"","protected":false},"excerpt":{"rendered":"<p>Es un bioactivo de \u00faltima generaci\u00f3n formulado con exosomas derivados de Curcuma longa, combinados con \u00e1cido succ\u00ednico, EGF (factor de crecimiento epid\u00e9rmico), niacinamida, zinc, p\u00e9ptidos astringentes, silicio org\u00e1nico, \u00e1cido hialur\u00f3nico de peso molecular medio y otros activos funcionales, dise\u00f1ados para intervenir en m\u00faltiples fases del acn\u00e9 y los trastornos seborreicos.<\/p>","protected":false},"featured_media":991531,"template":"","meta":{"_acf_changed":false},"product_brand":[],"product_cat":[131],"product_tag":[],"class_list":{"0":"post-994572","1":"product","2":"type-product","3":"status-publish","4":"has-post-thumbnail","6":"product_cat-dermaclar","8":"first","9":"instock","10":"shipping-taxable","11":"purchasable","12":"product-type-simple"},"acf":[],"_links":{"self":[{"href":"https:\/\/oskinstudionyc.com\/es\/wp-json\/wp\/v2\/product\/994572","targetHints":{"allow":["GET"]}}],"collection":[{"href":"https:\/\/oskinstudionyc.com\/es\/wp-json\/wp\/v2\/product"}],"about":[{"href":"https:\/\/oskinstudionyc.com\/es\/wp-json\/wp\/v2\/types\/product"}],"version-history":[{"count":3,"href":"https:\/\/oskinstudionyc.com\/es\/wp-json\/wp\/v2\/product\/994572\/revisions"}],"predecessor-version":[{"id":994914,"href":"https:\/\/oskinstudionyc.com\/es\/wp-json\/wp\/v2\/product\/994572\/revisions\/994914"}],"wp:featuredmedia":[{"embeddable":true,"href":"https:\/\/oskinstudionyc.com\/es\/wp-json\/wp\/v2\/media\/991531"}],"wp:attachment":[{"href":"https:\/\/oskinstudionyc.com\/es\/wp-json\/wp\/v2\/media?parent=994572"}],"wp:term":[{"taxonomy":"product_brand","embeddable":true,"href":"https:\/\/oskinstudionyc.com\/es\/wp-json\/wp\/v2\/product_brand?post=994572"},{"taxonomy":"product_cat","embeddable":true,"href":"https:\/\/oskinstudionyc.com\/es\/wp-json\/wp\/v2\/product_cat?post=994572"},{"taxonomy":"product_tag","embeddable":true,"href":"https:\/\/oskinstudionyc.com\/es\/wp-json\/wp\/v2\/product_tag?post=994572"}],"curies":[{"name":"wp","href":"https:\/\/api.w.org\/{rel}","templated":true}]}}