{"id":994581,"date":"2026-03-24T12:17:20","date_gmt":"2026-03-24T16:17:20","guid":{"rendered":"https:\/\/oskinstudionyc.com\/producto\/op-aromatherapy-meraki\/"},"modified":"2026-04-14T17:31:13","modified_gmt":"2026-04-14T21:31:13","slug":"op-aromatherapy-meraki","status":"publish","type":"product","link":"https:\/\/oskinstudionyc.com\/es\/producto\/op-aromatherapy-meraki\/","title":{"rendered":"OP &#8211; Aromatherapy Meraki"},"content":{"rendered":"","protected":false},"excerpt":{"rendered":"<p><span style=\"vertical-align: inherit;\">Poner tu alma, coraz\u00f3n, creatividad y amor en todo lo que te apasiona. Es dejar un pedacito de ti en todo lo que haces. Nuestra marca representa esto y mucho m\u00e1s, y estoy seguro de que tu pasi\u00f3n se alinea perfectamente con esta idea. Sabemos que pones el coraz\u00f3n en cada detalle para alcanzar la excelencia en todo lo que creas.<\/span><\/p>","protected":false},"featured_media":989935,"template":"","meta":{"_acf_changed":false},"product_brand":[],"product_cat":[129,109,139,108],"product_tag":[],"class_list":{"0":"post-994581","1":"product","2":"type-product","3":"status-publish","4":"has-post-thumbnail","6":"product_cat-aromatherapy-spray","7":"product_cat-customers","8":"product_cat-oskin-professionals","9":"product_cat-profesionales","11":"first","12":"outofstock","13":"shipping-taxable","14":"purchasable","15":"product-type-simple"},"acf":[],"_links":{"self":[{"href":"https:\/\/oskinstudionyc.com\/es\/wp-json\/wp\/v2\/product\/994581","targetHints":{"allow":["GET"]}}],"collection":[{"href":"https:\/\/oskinstudionyc.com\/es\/wp-json\/wp\/v2\/product"}],"about":[{"href":"https:\/\/oskinstudionyc.com\/es\/wp-json\/wp\/v2\/types\/product"}],"version-history":[{"count":1,"href":"https:\/\/oskinstudionyc.com\/es\/wp-json\/wp\/v2\/product\/994581\/revisions"}],"predecessor-version":[{"id":994714,"href":"https:\/\/oskinstudionyc.com\/es\/wp-json\/wp\/v2\/product\/994581\/revisions\/994714"}],"wp:featuredmedia":[{"embeddable":true,"href":"https:\/\/oskinstudionyc.com\/es\/wp-json\/wp\/v2\/media\/989935"}],"wp:attachment":[{"href":"https:\/\/oskinstudionyc.com\/es\/wp-json\/wp\/v2\/media?parent=994581"}],"wp:term":[{"taxonomy":"product_brand","embeddable":true,"href":"https:\/\/oskinstudionyc.com\/es\/wp-json\/wp\/v2\/product_brand?post=994581"},{"taxonomy":"product_cat","embeddable":true,"href":"https:\/\/oskinstudionyc.com\/es\/wp-json\/wp\/v2\/product_cat?post=994581"},{"taxonomy":"product_tag","embeddable":true,"href":"https:\/\/oskinstudionyc.com\/es\/wp-json\/wp\/v2\/product_tag?post=994581"}],"curies":[{"name":"wp","href":"https:\/\/api.w.org\/{rel}","templated":true}]}}